{"id":3513,"date":"2025-06-04T14:22:59","date_gmt":"2025-06-04T12:22:59","guid":{"rendered":"https:\/\/rivages.film\/fr\/?page_id=3513"},"modified":"2025-06-04T14:23:48","modified_gmt":"2025-06-04T12:23:48","slug":"portfolio-film","status":"publish","type":"page","link":"https:\/\/rivages.film\/fr\/portfolio-film\/","title":{"rendered":"R\u00e9alisations"},"content":{"rendered":"\n<div class=\"wp-block-humpton-gutenberg-container content-row light-section normal\" data-bgcolor=\"#ffffff\" style=\"text-align:left\">\n<p class=\"has-black-color has-text-color has-link-color wp-elements-1bc7a62df8ed787041182562874dd0a7\">D\u00e9couvrez une s\u00e9lection de nos derniers projets.<\/p>\n\n\n\n<div class=\"wp-block-buttons is-layout-flex wp-block-buttons-is-layout-flex\">\n<div class=\"wp-block-button is-style-outline is-style-outline--1\"><a class=\"wp-block-button__link has-black-color has-white-background-color has-text-color has-background has-link-color wp-element-button\" href=\"https:\/\/rivages.film\/fr\/portfolio\">Tout<\/a><\/div>\n\n\n\n<div class=\"wp-block-button is-style-outline is-style-outline--2\"><a class=\"wp-block-button__link has-black-color has-white-background-color has-text-color has-background has-link-color wp-element-button\" href=\"https:\/\/rivages.film\/fr\/portfolio-com\">Commercial<\/a><\/div>\n\n\n\n<div class=\"wp-block-button is-style-outline is-style-outline--3\"><a class=\"wp-block-button__link has-white-color has-black-background-color has-text-color has-background has-link-color wp-element-button\" href=\"https:\/\/rivages.film\/fr\/portfolio-film\">Film<\/a><\/div>\n<\/div>\n<\/div>\n\n\n\n<div style=\"height:50px\" aria-hidden=\"true\" class=\"wp-block-spacer\"><\/div>\n\n\n\n<!-- Portfolio Wrap --><div id=\"itemsWrapperLinks\" class=\"portfolio-wrap overlapping-grid overlay-caption thumb-no-ajax content-max-width fade-scaleout-effect\"><!-- Portfolio Columns --><div id=\"itemsWrapper\" class=\"portfolio portfolio-shortcode no-fitthumbs fx-two\"><div class=\"item trigger-item film change-header\" data-number=\"01\" data-color=\"#f33a3a\" data-firstline=\"View\" data-secondline=\"Project\"><div class=\"item-parallax\"><div class=\"item-appear\"><div class=\"item-content\"><a class=\"item-wrap ajax-link-project\" data-type=\"page-transition\" href=\"https:\/\/rivages.film\/fr\/portfolio\/lopf\/\"><\/a><div class=\"item-wrap-image\"><img decoding=\"async\" src=\"https:\/\/rivages.film\/fr\/wp-content\/uploads\/2026\/03\/LOPFL_3-scaled.jpg\" class=\"item-image grid__item-img trigger-item-link\" alt=\"\"><\/div><img decoding=\"async\" class=\"grid__item-img grid__item-img--large\" src=\"https:\/\/rivages.film\/fr\/wp-content\/uploads\/2026\/03\/LOPFL_3-scaled.jpg\" alt=\"\" \/><\/div><\/div><div class=\"item-caption-wrapper\"><div class=\"item-caption\"><div class=\"item-arrow\"><i class=\"arrow-icon\"><\/i><\/div><div class=\"item-cat\"><span>documentaire<\/span><\/div><div class=\"item-title\"><span>L\u00e0 o\u00f9 persiste la flamme<\/span><\/div><\/div><\/div><\/div><\/div><div class=\"item trigger-item film change-header delayed-item\" data-number=\"02\" data-color=\"#f33a3a\" data-firstline=\"View\" data-secondline=\"Project\"><div class=\"item-parallax\"><div class=\"item-appear\"><div class=\"item-content\"><a class=\"item-wrap ajax-link-project\" data-type=\"page-transition\" href=\"https:\/\/rivages.film\/fr\/portfolio\/sdv\/\"><\/a><div class=\"item-wrap-image\"><img decoding=\"async\" src=\"https:\/\/rivages.film\/fr\/wp-content\/uploads\/2024\/04\/LTH_AFFICHE_SDV_012_FINAL-scaled.jpg\" class=\"item-image grid__item-img trigger-item-link\" alt=\"\"><\/div><img decoding=\"async\" class=\"grid__item-img grid__item-img--large\" src=\"https:\/\/rivages.film\/fr\/wp-content\/uploads\/2024\/04\/LTH_AFFICHE_SDV_012_FINAL-scaled.jpg\" alt=\"\" \/><\/div><\/div><div class=\"item-caption-wrapper\"><div class=\"item-caption\"><div class=\"item-arrow\"><i class=\"arrow-icon\"><\/i><\/div><div class=\"item-cat\"><span>fiction<\/span><\/div><div class=\"item-title\"><span>Son Dernier Visage<\/span><\/div><\/div><\/div><\/div><\/div><div class=\"item trigger-item film change-header\" data-number=\"03\" data-color=\"#f33a3a\" data-firstline=\"View\" data-secondline=\"Project\"><div class=\"item-parallax\"><div class=\"item-appear\"><div class=\"item-content\"><a class=\"item-wrap ajax-link-project\" data-type=\"page-transition\" href=\"https:\/\/rivages.film\/fr\/portfolio\/evvlm\/\"><\/a><div class=\"item-wrap-image\"><img decoding=\"async\" src=\"https:\/\/rivages.film\/fr\/wp-content\/uploads\/2025\/06\/DSC02563-scaled-1.jpg\" class=\"item-image grid__item-img trigger-item-link\" alt=\"\"><\/div><img decoding=\"async\" class=\"grid__item-img grid__item-img--large\" src=\"https:\/\/rivages.film\/fr\/wp-content\/uploads\/2025\/06\/DSC02563-scaled-1.jpg\" alt=\"\" \/><\/div><\/div><div class=\"item-caption-wrapper\"><div class=\"item-caption\"><div class=\"item-arrow\"><i class=\"arrow-icon\"><\/i><\/div><div class=\"item-cat\"><span>fiction<\/span><\/div><div class=\"item-title\"><span>Elle voulait voir la mer<\/span><\/div><\/div><\/div><\/div><\/div><\/div><!--\/Portfolio Columns--><\/div><!--\/Portfolio Wrap-->\n\n\n\n<p><\/p>\n","protected":false},"excerpt":{"rendered":"","protected":false},"author":1,"featured_media":0,"parent":0,"menu_order":0,"comment_status":"closed","ping_status":"closed","template":"","meta":{"_seopress_robots_primary_cat":"","_seopress_titles_title":"R\u00e9alisations | Rivages Films","_seopress_titles_desc":"D\u00e9couvrez nos derniers projets: sport, branded content, fiction, publicit\u00e9, vid\u00e9o d'entreprise, documentaires","_seopress_robots_index":"","footnotes":""},"class_list":["post-3513","page","type-page","status-publish","hentry"],"_links":{"self":[{"href":"https:\/\/rivages.film\/fr\/wp-json\/wp\/v2\/pages\/3513","targetHints":{"allow":["GET"]}}],"collection":[{"href":"https:\/\/rivages.film\/fr\/wp-json\/wp\/v2\/pages"}],"about":[{"href":"https:\/\/rivages.film\/fr\/wp-json\/wp\/v2\/types\/page"}],"author":[{"embeddable":true,"href":"https:\/\/rivages.film\/fr\/wp-json\/wp\/v2\/users\/1"}],"replies":[{"embeddable":true,"href":"https:\/\/rivages.film\/fr\/wp-json\/wp\/v2\/comments?post=3513"}],"version-history":[{"count":3,"href":"https:\/\/rivages.film\/fr\/wp-json\/wp\/v2\/pages\/3513\/revisions"}],"predecessor-version":[{"id":3516,"href":"https:\/\/rivages.film\/fr\/wp-json\/wp\/v2\/pages\/3513\/revisions\/3516"}],"wp:attachment":[{"href":"https:\/\/rivages.film\/fr\/wp-json\/wp\/v2\/media?parent=3513"}],"curies":[{"name":"wp","href":"https:\/\/api.w.org\/{rel}","templated":true}]}}