{"id":3049,"date":"2022-11-27T17:47:15","date_gmt":"2022-11-27T16:47:15","guid":{"rendered":"https:\/\/new.rivages.film\/?page_id=3049"},"modified":"2025-11-13T19:54:36","modified_gmt":"2025-11-13T18:54:36","slug":"rivages-films","status":"publish","type":"page","link":"https:\/\/rivages.film\/fr\/","title":{"rendered":"Rivages Films"},"content":{"rendered":"\n<div class=\"wp-block-columns is-layout-flex wp-container-core-columns-is-layout-9d6595d7 wp-block-columns-is-layout-flex\">\n<div class=\"wp-block-column is-layout-flow wp-block-column-is-layout-flow\">\n<figure class=\"wp-block-image size-large\"><img decoding=\"async\" src=\"https:\/\/rivages.film\/en\/wp-content\/uploads\/2025\/06\/LogoRivagesWhiteSM-2000x791.png\" alt=\"\" class=\"wp-image-3445\"\/><\/figure>\n\n\n\n<p class=\"has-white-color has-text-color has-link-color has-small-font-size wp-elements-7c8a7d6f146a1e549f50fc30d4265be0\">Nous cr\u00e9ons des films et des contenus vid\u00e9o publicitaires. Dans les Alpes Suisses (en Valais) et \u00e0 travers le monde.<\/p>\n<\/div>\n\n\n\n<div class=\"wp-block-column is-layout-flow wp-block-column-is-layout-flow\"><\/div>\n\n\n\n<div class=\"wp-block-column is-layout-flow wp-block-column-is-layout-flow\">\n<div style=\"height:70px\" aria-hidden=\"true\" class=\"wp-block-spacer\"><\/div>\n\n\n\n<p class=\"has-text-align-right homelink\"><strong><a href=\"https:\/\/rivages.film\/fr\/a-propos\" data-type=\"page\" data-id=\"2571\">\u00e0 propos<\/a> <a href=\"https:\/\/rivages.film\/fr\/portfolio\" data-type=\"page\" data-id=\"3396\">r\u00e9alisations<\/a> <a href=\"https:\/\/rivages.film\/fr\/contact\/\" data-type=\"page\" data-id=\"2584\">contact<\/a><\/strong><\/p>\n<\/div>\n<\/div>\n","protected":false},"excerpt":{"rendered":"<p>Nous cr\u00e9ons des films et des contenus vid\u00e9o publicitaires. Dans les Alpes Suisses (en Valais) et \u00e0 travers le monde. \u00e0 propos r\u00e9alisations contact<\/p>\n","protected":false},"author":1,"featured_media":0,"parent":0,"menu_order":0,"comment_status":"closed","ping_status":"closed","template":"template-home-fr.php","meta":{"_seopress_robots_primary_cat":"","_seopress_titles_title":"Rivages Films | Production audiovisuelle en Valais, Suisse","_seopress_titles_desc":"Bas\u00e9s \u00e0 Sion, nous cr\u00e9ons pour vous du contenu vid\u00e9o de qualit\u00e9 en Valais, ailleurs en Suisse et \u00e0 travers le monde","_seopress_robots_index":"","footnotes":""},"class_list":["post-3049","page","type-page","status-publish","hentry"],"_links":{"self":[{"href":"https:\/\/rivages.film\/fr\/wp-json\/wp\/v2\/pages\/3049","targetHints":{"allow":["GET"]}}],"collection":[{"href":"https:\/\/rivages.film\/fr\/wp-json\/wp\/v2\/pages"}],"about":[{"href":"https:\/\/rivages.film\/fr\/wp-json\/wp\/v2\/types\/page"}],"author":[{"embeddable":true,"href":"https:\/\/rivages.film\/fr\/wp-json\/wp\/v2\/users\/1"}],"replies":[{"embeddable":true,"href":"https:\/\/rivages.film\/fr\/wp-json\/wp\/v2\/comments?post=3049"}],"version-history":[{"count":43,"href":"https:\/\/rivages.film\/fr\/wp-json\/wp\/v2\/pages\/3049\/revisions"}],"predecessor-version":[{"id":3520,"href":"https:\/\/rivages.film\/fr\/wp-json\/wp\/v2\/pages\/3049\/revisions\/3520"}],"wp:attachment":[{"href":"https:\/\/rivages.film\/fr\/wp-json\/wp\/v2\/media?parent=3049"}],"curies":[{"name":"wp","href":"https:\/\/api.w.org\/{rel}","templated":true}]}}