{"id":3025,"date":"2022-11-27T17:19:55","date_gmt":"2022-11-27T16:19:55","guid":{"rendered":"https:\/\/new.rivages.film\/?page_id=3025"},"modified":"2026-03-11T17:38:42","modified_gmt":"2026-03-11T16:38:42","slug":"a-propos","status":"publish","type":"page","link":"https:\/\/rivages.film\/fr\/a-propos\/","title":{"rendered":"A propos"},"content":{"rendered":"\n<div class=\"wp-block-humpton-gutenberg-container content-row light-section normal row_padding_top row_padding_bottom change-header-color\" data-bgcolor=\"#ffffff\" style=\"text-align:left\">\n<div class=\"wp-block-columns is-layout-flex wp-container-core-columns-is-layout-9d6595d7 wp-block-columns-is-layout-flex\">\n<div class=\"wp-block-column is-layout-flow wp-block-column-is-layout-flow\" style=\"flex-basis:15%\"><\/div>\n\n\n\n<div class=\"wp-block-column is-layout-flow wp-block-column-is-layout-flow\" style=\"flex-basis:70%\">\n<h1 class=\"wp-block-heading big-title has-mask-fill has-large-font-size\">Nous r\u00e9alisons des films \u00e0 travers le monde avec passion!<\/h1>\n<\/div>\n\n\n\n<div class=\"wp-block-column is-layout-flow wp-block-column-is-layout-flow\" style=\"flex-basis:15%\"><\/div>\n<\/div>\n\n\n\n<div style=\"height:50px\" aria-hidden=\"true\" class=\"wp-block-spacer\"><\/div>\n\n\n\n<div class=\"wp-block-columns is-layout-flex wp-container-core-columns-is-layout-9d6595d7 wp-block-columns-is-layout-flex\">\n<div class=\"wp-block-column is-layout-flow wp-block-column-is-layout-flow\" style=\"flex-basis:15%\">\n<h6 class=\"wp-block-heading has-animation has-icon\"><\/h6>\n<\/div>\n\n\n\n<div class=\"wp-block-column is-layout-flow wp-block-column-is-layout-flow\" style=\"flex-basis:70%\">\n<p class=\"has-animation\">Bas\u00e9s \u00e0 Sion au coeur des Alpes Suisses (en Valais) mais actifs bien au-del\u00e0, nous sommes une entreprise de production de film \u00e0 taille humaine.<\/p>\n\n\n\n<p>Sur un glacier, en studio, en for\u00eat, en mer, ou dans les airs, nous capturons chaque instant pour donner vie \u00e0 votre projet de film.<\/p>\n\n\n\n<p>Nous aimons les challenges (petits et grands), mais surtout, nous aimons notre m\u00e9tier: cr\u00e9er des images pour raconter des histoires et transmettre des messages!<\/p>\n\n\n\n<p><strong>Nous r\u00e9alisons des fictions, des publicit\u00e9s, des films d&rsquo;entreprise, des documentaires et tout autre contenu vid\u00e9o dont nous pouvons \u00eatre fiers et vous aussi!<\/strong><\/p>\n\n\n\n<div class=\"button-box has-animation \" data-delay=\"0\"><div class=\"clapat-button-wrap parallax-wrap hide-ball\"><div class=\"clapat-button parallax-element\"><div class=\"button-border parallax-element-second rounded\"><a class=\"\" href=\"https:\/\/rivages.film\/fr\/contact\" target=\"_blank\"><span data-hover=\"Racontons votre histoire!\">Racontons votre histoire!<\/span><\/a><\/div><\/div><\/div><\/div>\n<\/div>\n\n\n\n<div class=\"wp-block-column is-layout-flow wp-block-column-is-layout-flow\" style=\"flex-basis:15%\"><\/div>\n<\/div>\n<\/div>\n\n\n\n<div class=\"wp-block-humpton-gutenberg-container content-row light-section full change-header-color\" data-bgcolor=\"#ffffff\" style=\"text-align:left\">\n<div class=\"wp-block-humpton-gutenberg-moving-gallery moving-gallery fw-gallery random-sizes\"><ul class=\"wrapper-gallery\">\n<li><img decoding=\"async\" src=\"https:\/\/rivages.film\/fr\/wp-content\/uploads\/2022\/11\/DSC01439-scaled.jpg\" alt=\"\" \/><\/li>\n\n\n\n<li><img decoding=\"async\" src=\"https:\/\/rivages.film\/fr\/wp-content\/uploads\/2022\/11\/DSC05667-scaled.jpg\" alt=\"\" \/><\/li>\n\n\n\n<li><img decoding=\"async\" src=\"https:\/\/rivages.film\/fr\/wp-content\/uploads\/2022\/11\/catharsis_ap-50-scaled.jpg\" alt=\"\" \/><\/li>\n\n\n\n<li><img decoding=\"async\" src=\"https:\/\/rivages.film\/fr\/wp-content\/uploads\/2022\/11\/DSC04548-scaled.jpg\" alt=\"\" \/><\/li>\n<\/ul><\/div>\n\n\n\n<div class=\"wp-block-humpton-gutenberg-moving-gallery moving-gallery bw-gallery random-sizes\"><ul class=\"wrapper-gallery\">\n<li><img decoding=\"async\" src=\"https:\/\/rivages.film\/fr\/wp-content\/uploads\/2022\/11\/DSC04597-scaled.jpg\" alt=\"\" \/><\/li>\n\n\n\n<li><img decoding=\"async\" src=\"https:\/\/rivages.film\/fr\/wp-content\/uploads\/2022\/11\/DSC04624-scaled.jpg\" alt=\"\" \/><\/li>\n\n\n\n<li><img decoding=\"async\" src=\"https:\/\/rivages.film\/fr\/wp-content\/uploads\/2022\/11\/IMG_9834-scaled.jpg\" alt=\"\" \/><\/li>\n\n\n\n<li><img decoding=\"async\" src=\"https:\/\/rivages.film\/fr\/wp-content\/uploads\/2022\/11\/DSC06003-scaled.jpg\" alt=\"\" \/><\/li>\n<\/ul><\/div>\n\n\n\n<div style=\"height:100px\" aria-hidden=\"true\" class=\"wp-block-spacer\"><\/div>\n<\/div>\n\n\n\n<div class=\"wp-block-humpton-gutenberg-container content-row dark-section full row_padding_top row_padding_left row_padding_right\" data-bgcolor=\"#000000\" style=\"text-align:left\">\n<div class=\"wp-block-columns is-layout-flex wp-container-core-columns-is-layout-9d6595d7 wp-block-columns-is-layout-flex\">\n<div class=\"wp-block-column is-layout-flow wp-block-column-is-layout-flow\" style=\"flex-basis:15%\"><\/div>\n\n\n\n<div class=\"wp-block-column is-layout-flow wp-block-column-is-layout-flow\" style=\"flex-basis:100%\">\n<h2 class=\"wp-block-heading big-title has-mask-fill\">Clients &amp; partenaires<\/h2>\n<\/div>\n\n\n\n<div class=\"wp-block-column is-layout-flow wp-block-column-is-layout-flow\" style=\"flex-basis:20%\"><\/div>\n<\/div>\n\n\n\n<div class=\"wp-block-columns is-layout-flex wp-container-core-columns-is-layout-9d6595d7 wp-block-columns-is-layout-flex\">\n<div class=\"wp-block-column is-layout-flow wp-block-column-is-layout-flow\" style=\"flex-basis:15%\">\n<h6 class=\"wp-block-heading has-animation has-icon\"><\/h6>\n<\/div>\n\n\n\n<div class=\"wp-block-column is-layout-flow wp-block-column-is-layout-flow\" style=\"flex-basis:100%\">\n<p class=\"has-medium-font-size\">Ils nous font confiance et nous sommes fiers de notre collaboration!<\/p>\n\n\n\n<div style=\"height:26px\" aria-hidden=\"true\" class=\"wp-block-spacer\"><\/div>\n\n\n\n<div class=\"wp-block-columns is-layout-flex wp-container-core-columns-is-layout-9d6595d7 wp-block-columns-is-layout-flex\">\n<div class=\"wp-block-column is-layout-flow wp-block-column-is-layout-flow\">\n<div class=\"wp-block-columns is-not-stacked-on-mobile is-layout-flex wp-container-core-columns-is-layout-9d6595d7 wp-block-columns-is-layout-flex\">\n<div class=\"wp-block-column is-layout-flow wp-block-column-is-layout-flow\"><div class=\"wp-block-image aligncenter\">\n<figure class=\"size-full is-resized\"><a href=\"https:\/\/julbo.com\" target=\"_blank\" rel=\"noreferrer noopener\"><img loading=\"lazy\" decoding=\"async\" width=\"880\" height=\"520\" src=\"https:\/\/rivages.film\/fr\/wp-content\/uploads\/2023\/09\/jul.png\" alt=\"\" class=\"wp-image-3110\" style=\"width:80px\" srcset=\"https:\/\/rivages.film\/fr\/wp-content\/uploads\/2023\/09\/jul.png 880w, https:\/\/rivages.film\/fr\/wp-content\/uploads\/2023\/09\/jul-768x454.png 768w\" sizes=\"auto, (max-width: 880px) 100vw, 880px\" \/><\/a><\/figure>\n<\/div><\/div>\n\n\n\n<div class=\"wp-block-column is-layout-flow wp-block-column-is-layout-flow\"><div class=\"wp-block-image aligncenter\">\n<figure class=\"size-full is-resized\"><a href=\"https:\/\/nendazfreeride.ch\" target=\"_blank\" rel=\"noreferrer noopener\"><img loading=\"lazy\" decoding=\"async\" width=\"975\" height=\"975\" src=\"https:\/\/rivages.film\/fr\/wp-content\/uploads\/2023\/09\/nf.png\" alt=\"\" class=\"wp-image-3111\" style=\"width:80px\" srcset=\"https:\/\/rivages.film\/fr\/wp-content\/uploads\/2023\/09\/nf.png 975w, https:\/\/rivages.film\/fr\/wp-content\/uploads\/2023\/09\/nf-600x600.png 600w, https:\/\/rivages.film\/fr\/wp-content\/uploads\/2023\/09\/nf-768x768.png 768w\" sizes=\"auto, (max-width: 975px) 100vw, 975px\" \/><\/a><\/figure>\n<\/div><\/div>\n<\/div>\n<\/div>\n\n\n\n<div class=\"wp-block-column is-layout-flow wp-block-column-is-layout-flow\">\n<div class=\"wp-block-columns is-not-stacked-on-mobile is-layout-flex wp-container-core-columns-is-layout-9d6595d7 wp-block-columns-is-layout-flex\">\n<div class=\"wp-block-column is-layout-flow wp-block-column-is-layout-flow\"><div class=\"wp-block-image aligncenter\">\n<figure class=\"size-large is-resized\"><a href=\"https:\/\/feezy.ch\" target=\"_blank\" rel=\"noreferrer noopener\"><img decoding=\"async\" src=\"https:\/\/rivages.film\/fr\/wp-content\/uploads\/2023\/09\/fee.png\" alt=\"\" style=\"width:80px\"\/><\/a><\/figure>\n<\/div><\/div>\n\n\n\n<div class=\"wp-block-column is-layout-flow wp-block-column-is-layout-flow\"><div class=\"wp-block-image aligncenter\">\n<figure class=\"size-large is-resized\"><a href=\"https:\/\/green-transfer.app\" target=\"_blank\" rel=\"noreferrer noopener\"><img decoding=\"async\" src=\"https:\/\/rivages.film\/fr\/wp-content\/uploads\/2023\/09\/gt.png\" alt=\"\" style=\"width:80px\"\/><\/a><\/figure>\n<\/div><\/div>\n<\/div>\n<\/div>\n<\/div>\n\n\n\n<div style=\"height:26px\" aria-hidden=\"true\" class=\"wp-block-spacer\"><\/div>\n\n\n\n<div class=\"wp-block-columns is-layout-flex wp-container-core-columns-is-layout-9d6595d7 wp-block-columns-is-layout-flex\">\n<div class=\"wp-block-column is-layout-flow wp-block-column-is-layout-flow\">\n<div class=\"wp-block-columns are-vertically-aligned-center is-not-stacked-on-mobile is-layout-flex wp-container-core-columns-is-layout-9d6595d7 wp-block-columns-is-layout-flex\">\n<div class=\"wp-block-column is-vertically-aligned-center is-layout-flow wp-block-column-is-layout-flow\"><div class=\"wp-block-image aligncenter\">\n<figure class=\"size-full is-resized\"><a href=\"https:\/\/www.quartz.ch\/fr\/\" target=\"_blank\" rel=\" noreferrer noopener\"><img loading=\"lazy\" decoding=\"async\" width=\"1120\" height=\"509\" src=\"https:\/\/rivages.film\/fr\/wp-content\/uploads\/2026\/03\/SFP_Logo.png\" alt=\"\" class=\"wp-image-3557\" style=\"object-fit:contain;width:110px;height:53px\" srcset=\"https:\/\/rivages.film\/fr\/wp-content\/uploads\/2026\/03\/SFP_Logo.png 1120w, https:\/\/rivages.film\/fr\/wp-content\/uploads\/2026\/03\/SFP_Logo-1000x454.png 1000w, https:\/\/rivages.film\/fr\/wp-content\/uploads\/2026\/03\/SFP_Logo-768x349.png 768w\" sizes=\"auto, (max-width: 1120px) 100vw, 1120px\" \/><\/a><\/figure>\n<\/div><\/div>\n\n\n\n<div class=\"wp-block-column is-vertically-aligned-center is-layout-flow wp-block-column-is-layout-flow\"><div class=\"wp-block-image aligncenter\">\n<figure class=\"size-large is-resized\"><a href=\"https:\/\/lezarticirque.ch\" target=\"_blank\" rel=\"noreferrer noopener\"><img decoding=\"async\" src=\"https:\/\/rivages.film\/fr\/wp-content\/uploads\/2023\/09\/zarti-2000x445.png\" alt=\"\" style=\"aspect-ratio:4.454545454545454;object-fit:contain;width:110px\"\/><\/a><\/figure>\n<\/div><\/div>\n<\/div>\n<\/div>\n\n\n\n<div class=\"wp-block-column is-layout-flow wp-block-column-is-layout-flow\">\n<div class=\"wp-block-columns are-vertically-aligned-center is-not-stacked-on-mobile is-layout-flex wp-container-core-columns-is-layout-9d6595d7 wp-block-columns-is-layout-flex\">\n<div class=\"wp-block-column is-vertically-aligned-center is-layout-flow wp-block-column-is-layout-flow\"><div class=\"wp-block-image aligncenter\">\n<figure class=\"size-full is-resized\"><a href=\"https:\/\/hydro.ch\" target=\"_blank\" rel=\"noreferrer noopener\"><img loading=\"lazy\" decoding=\"async\" width=\"1416\" height=\"374\" src=\"https:\/\/rivages.film\/fr\/wp-content\/uploads\/2024\/09\/hydro.png\" alt=\"\" class=\"wp-image-3466\" style=\"width:110px\" srcset=\"https:\/\/rivages.film\/fr\/wp-content\/uploads\/2024\/09\/hydro.png 1416w, https:\/\/rivages.film\/fr\/wp-content\/uploads\/2024\/09\/hydro-1000x264.png 1000w, https:\/\/rivages.film\/fr\/wp-content\/uploads\/2024\/09\/hydro-768x203.png 768w\" sizes=\"auto, (max-width: 1416px) 100vw, 1416px\" \/><\/a><\/figure>\n<\/div><\/div>\n\n\n\n<div class=\"wp-block-column is-vertically-aligned-center is-layout-flow wp-block-column-is-layout-flow\"><div class=\"wp-block-image aligncenter\">\n<figure class=\"size-full is-resized\"><a href=\"https:\/\/company-idem.com\" target=\"_blank\" rel=\"noreferrer noopener\"><img loading=\"lazy\" decoding=\"async\" width=\"383\" height=\"57\" src=\"https:\/\/rivages.film\/fr\/wp-content\/uploads\/2023\/09\/idem.png\" alt=\"\" class=\"wp-image-3137\" style=\"width:110px\"\/><\/a><\/figure>\n<\/div><\/div>\n<\/div>\n<\/div>\n<\/div>\n<\/div>\n\n\n\n<div class=\"wp-block-column is-layout-flow wp-block-column-is-layout-flow\" style=\"flex-basis:15%\"><\/div>\n<\/div>\n\n\n\n<div style=\"height:75px\" aria-hidden=\"true\" class=\"wp-block-spacer\"><\/div>\n<\/div>\n\n\n\n<div class=\"wp-block-humpton-gutenberg-container content-row light-section full row_padding_top row_padding_left row_padding_right change-header-color\" data-bgcolor=\"#ffffff\" style=\"text-align:left\">\n<div class=\"wp-block-columns is-layout-flex wp-container-core-columns-is-layout-9d6595d7 wp-block-columns-is-layout-flex\">\n<div class=\"wp-block-column is-layout-flow wp-block-column-is-layout-flow\" style=\"flex-basis:15%\"><\/div>\n\n\n\n<div class=\"wp-block-column is-layout-flow wp-block-column-is-layout-flow\" style=\"flex-basis:100%\">\n<h1 class=\"wp-block-heading big-title has-mask-fill\">Notre \u00e9quipe<\/h1>\n<\/div>\n<\/div>\n\n\n\n<div style=\"height:30px\" aria-hidden=\"true\" class=\"wp-block-spacer\"><\/div>\n<\/div>\n\n\n\n<div class=\"wp-block-humpton-gutenberg-container content-row light-section full row_padding_bottom row_padding_left row_padding_right change-header-color\" data-bgcolor=\"#ffffff\" style=\"text-align:left\">\n<div class=\"wp-block-columns is-layout-flex wp-container-core-columns-is-layout-9d6595d7 wp-block-columns-is-layout-flex\">\n<div class=\"wp-block-column is-layout-flow wp-block-column-is-layout-flow\" style=\"flex-basis:15%\"><\/div>\n\n\n\n<div class=\"wp-block-column is-layout-flow wp-block-column-is-layout-flow\" style=\"flex-basis:100%\">\n<h2 class=\"wp-block-heading has-large-font-size\">Oriel Steinmann<\/h2>\n\n\n\n<p class=\"serif\">Co-fondateur, R\u00e9alisateur &amp; Producteur<br><\/p>\n\n\n\n<h2 class=\"wp-block-heading has-large-font-size\">Dario Willommet<\/h2>\n\n\n\n<p class=\"serif\">Co-fondateur, Chef op\u00e9rateur &amp; Coloriste<br><\/p>\n\n\n\n<h2 class=\"wp-block-heading has-large-font-size\">Loris Theurillat<\/h2>\n\n\n\n<p class=\"serif\">Machiniste &amp; photographe<br><\/p>\n\n\n\n<div style=\"height:60px\" aria-hidden=\"true\" class=\"wp-block-spacer\"><\/div>\n\n\n\n<p>nous collaborons avec notre large r\u00e9seau de freelances et partenaires parfaits pour chaque projet<\/p>\n<\/div>\n<\/div>\n\n\n\n<p><\/p>\n<\/div>\n","protected":false},"excerpt":{"rendered":"","protected":false},"author":1,"featured_media":0,"parent":0,"menu_order":0,"comment_status":"closed","ping_status":"closed","template":"","meta":{"_seopress_robots_primary_cat":"","_seopress_titles_title":"A propos | Rivages Films","_seopress_titles_desc":"Nous r\u00e9alisons de la fiction, de la publicit\u00e9, du documentaire et toute autre forme de contenu vid\u00e9o dont nous pouvons \u00eatre fiers et vous aussi","_seopress_robots_index":"","footnotes":""},"class_list":["post-3025","page","type-page","status-publish","hentry"],"_links":{"self":[{"href":"https:\/\/rivages.film\/fr\/wp-json\/wp\/v2\/pages\/3025","targetHints":{"allow":["GET"]}}],"collection":[{"href":"https:\/\/rivages.film\/fr\/wp-json\/wp\/v2\/pages"}],"about":[{"href":"https:\/\/rivages.film\/fr\/wp-json\/wp\/v2\/types\/page"}],"author":[{"embeddable":true,"href":"https:\/\/rivages.film\/fr\/wp-json\/wp\/v2\/users\/1"}],"replies":[{"embeddable":true,"href":"https:\/\/rivages.film\/fr\/wp-json\/wp\/v2\/comments?post=3025"}],"version-history":[{"count":105,"href":"https:\/\/rivages.film\/fr\/wp-json\/wp\/v2\/pages\/3025\/revisions"}],"predecessor-version":[{"id":3561,"href":"https:\/\/rivages.film\/fr\/wp-json\/wp\/v2\/pages\/3025\/revisions\/3561"}],"wp:attachment":[{"href":"https:\/\/rivages.film\/fr\/wp-json\/wp\/v2\/media?parent=3025"}],"curies":[{"name":"wp","href":"https:\/\/api.w.org\/{rel}","templated":true}]}}